{"id":1330,"date":"2022-06-20T12:09:29","date_gmt":"2022-06-20T10:09:29","guid":{"rendered":"https:\/\/www.algazzettino.com\/wordpress\/startseite\/"},"modified":"2022-06-20T21:23:12","modified_gmt":"2022-06-20T19:23:12","slug":"startseite","status":"publish","type":"page","link":"https:\/\/www.algazzettino.com\/de\/","title":{"rendered":"STARTSEITE"},"content":{"rendered":"<div class=\"wpb-content-wrapper\"><p>[vc_row full_width=&#8220;stretch_row_content_no_spaces&#8220;][vc_column]\n\t\t\t<!-- START Home REVOLUTION SLIDER 6.6.18 --><p class=\"rs-p-wp-fix\"><\/p>\n\t\t\t<rs-module-wrap id=\"rev_slider_1_1_wrapper\" data-source=\"gallery\" style=\"visibility:hidden;background:transparent;padding:0;\">\n\t\t\t\t<rs-module id=\"rev_slider_1_1\" style=\"\" data-version=\"6.6.18\">\n\t\t\t\t\t<rs-slides style=\"overflow: hidden; position: absolute;\">\n\t\t\t\t\t\t<rs-slide style=\"position: absolute;\" data-key=\"rs-4\" data-title=\"Slide\" data-thumb=\"\/\/www.algazzettino.com\/wordpress\/wp-content\/uploads\/2022\/05\/CAMERE-Classic_14.jpg\" data-anim=\"adpr:false;\" data-in=\"o:0;\" data-out=\"a:false;\">\n\t\t\t\t\t\t\t<img decoding=\"async\" src=\"\/\/www.algazzettino.com\/wp-content\/plugins\/revslider\/public\/assets\/assets\/dummy.png\" alt=\"\" title=\"CAMERE-Classic_14\" width=\"2560\" height=\"1707\" class=\"rev-slidebg tp-rs-img rs-lazyload\" data-lazyload=\"\/\/www.algazzettino.com\/wordpress\/wp-content\/uploads\/2022\/05\/CAMERE-Classic_14.jpg\" data-no-retina>\n<!---->\t\t\t\t\t\t<\/rs-slide>\n\t\t\t\t\t\t<rs-slide style=\"position: absolute;\" data-key=\"rs-1\" data-title=\"Slide\" data-thumb=\"\/\/www.algazzettino.com\/wordpress\/wp-content\/uploads\/2022\/05\/CAMERE-Deluxe_vc_balcone_11.jpg\" data-anim=\"adpr:false;\" data-in=\"o:0;\" data-out=\"a:false;\">\n\t\t\t\t\t\t\t<img decoding=\"async\" src=\"\/\/www.algazzettino.com\/wp-content\/plugins\/revslider\/public\/assets\/assets\/dummy.png\" alt=\"\" title=\"CAMERE-Deluxe_vc_balcone_11\" width=\"2560\" height=\"1707\" class=\"rev-slidebg tp-rs-img rs-lazyload\" data-lazyload=\"\/\/www.algazzettino.com\/wordpress\/wp-content\/uploads\/2022\/05\/CAMERE-Deluxe_vc_balcone_11.jpg\" data-no-retina>\n<!---->\t\t\t\t\t\t<\/rs-slide>\n\t\t\t\t\t\t<rs-slide style=\"position: absolute;\" data-key=\"rs-2\" data-title=\"Slide\" data-thumb=\"\/\/www.algazzettino.com\/wordpress\/wp-content\/uploads\/2022\/05\/VENEZIA-DNN_5629.jpg\" data-anim=\"adpr:false;\" data-in=\"o:0;\" data-out=\"a:false;\">\n\t\t\t\t\t\t\t<img decoding=\"async\" src=\"\/\/www.algazzettino.com\/wp-content\/plugins\/revslider\/public\/assets\/assets\/dummy.png\" alt=\"\" title=\"VENEZIA-DNN_5629\" width=\"2560\" height=\"1706\" class=\"rev-slidebg tp-rs-img rs-lazyload\" data-lazyload=\"\/\/www.algazzettino.com\/wordpress\/wp-content\/uploads\/2022\/05\/VENEZIA-DNN_5629.jpg\" data-no-retina>\n<!---->\t\t\t\t\t\t<\/rs-slide>\n\t\t\t\t\t\t<rs-slide style=\"position: absolute;\" data-key=\"rs-3\" data-title=\"Slide\" data-thumb=\"\/\/www.algazzettino.com\/wordpress\/wp-content\/uploads\/2022\/05\/EXTRA-_DNN5015-HDR.jpg\" data-anim=\"adpr:false;\" data-in=\"o:0;\" data-out=\"a:false;\">\n\t\t\t\t\t\t\t<img decoding=\"async\" src=\"\/\/www.algazzettino.com\/wp-content\/plugins\/revslider\/public\/assets\/assets\/dummy.png\" alt=\"\" title=\"EXTRA-_DNN5015-HDR\" width=\"2560\" height=\"1707\" class=\"rev-slidebg tp-rs-img rs-lazyload\" data-lazyload=\"\/\/www.algazzettino.com\/wordpress\/wp-content\/uploads\/2022\/05\/EXTRA-_DNN5015-HDR.jpg\" data-no-retina>\n<!---->\t\t\t\t\t\t<\/rs-slide>\n\t\t\t\t\t\t<rs-slide style=\"position: absolute;\" data-key=\"rs-13\" data-title=\"Slide\" data-thumb=\"\/\/www.algazzettino.com\/wordpress\/wp-content\/uploads\/2022\/05\/VENEZIA-DNN_5693.jpg\" data-anim=\"adpr:false;\" data-in=\"o:0;\" data-out=\"a:false;\">\n\t\t\t\t\t\t\t<img decoding=\"async\" src=\"\/\/www.algazzettino.com\/wp-content\/plugins\/revslider\/public\/assets\/assets\/dummy.png\" alt=\"\" title=\"VENEZIA-DNN_5693\" width=\"2560\" height=\"1707\" class=\"rev-slidebg tp-rs-img rs-lazyload\" data-lazyload=\"\/\/www.algazzettino.com\/wordpress\/wp-content\/uploads\/2022\/05\/VENEZIA-DNN_5693.jpg\" data-no-retina>\n<!---->\t\t\t\t\t\t<\/rs-slide>\n\t\t\t\t\t<\/rs-slides>\n\t\t\t\t<\/rs-module>\n\t\t\t\t<script>\n\t\t\t\t\tsetREVStartSize({c: 'rev_slider_1_1',rl:[1240,1024,778,480],el:[900],gw:[2560],gh:[900],type:'standard',justify:'',layout:'fullscreen',offsetContainer:'',offset:'',mh:\"0\"});if (window.RS_MODULES!==undefined && window.RS_MODULES.modules!==undefined && window.RS_MODULES.modules[\"revslider11\"]!==undefined) {window.RS_MODULES.modules[\"revslider11\"].once = false;window.revapi1 = undefined;if (window.RS_MODULES.checkMinimal!==undefined) window.RS_MODULES.checkMinimal()}\n\t\t\t\t<\/script>\n\t\t\t<\/rs-module-wrap>\n\t\t\t<!-- END REVOLUTION SLIDER -->\n[vc_raw_html]PGRpdiBjbGFzcz0iYXJyb3ctd3JhcHBlciI+PGRpdiBjbGFzcz0iYXJyb3ciPjwvZGl2PjwvZGl2Pg==[\/vc_raw_html][\/vc_column][\/vc_row][vc_row content_placement=&#8220;middle&#8220; css=&#8220;.vc_custom_1617299287830{padding-top: 60px !important;padding-bottom: 80px !important;}&#8220;][vc_column width=&#8220;1\/2&#8243;][vc_column_text]<\/p>\n<h2><strong>Hotel Al Gazzettino<\/strong> &#8211; Venedig<\/h2>\n<p>[\/vc_column_text][vc_empty_space][vc_column_text]In einem alten Geb\u00e4ude aus dem 17. Jahrhundert befindet sich das\u00a0Hotel al Gazzettino, einst Sitz einer Textilwerkstatt und sp\u00e4ter eines Gasthauses, in dem t\u00fcrkische Arbeiter und H\u00e4ndler untergebracht waren, die Handelsbeziehungen zur \u201eSerenissima\u201c pflegten.<\/p>\n<p>Das Hotel Al Gazzettino ist seit \u00fcber 50 Jahren nach der ber\u00fchmten venezianischen Tageszeitung benannt, die bis vor wenigen Jahren ihren Sitz dem Hotel gegen\u00fcber hatte. Dank seines \u00fcber hundertj\u00e4hrigen Betriebs ist das Hotel Al Gazzettino eines der ber\u00fchmtesten Hotels in Venedig und hat sich die im Laufe der Jahre weitergegebene Gastfreundschaft und Herzlichkeit bewahrt. Dar\u00fcber hinaus erfreut sich das Hotel Al Gazzettino einer bevorzugten Lage, um Venedig zu besuchen.[\/vc_column_text][vc_empty_space height=&#8220;10px&#8220;][\/vc_column][vc_column width=&#8220;1\/2&#8243;][vc_single_image image=&#8220;1097&#8243; img_size=&#8220;600&#215;550&#8243; alignment=&#8220;center&#8220; onclick=&#8220;link_image&#8220;][\/vc_column][\/vc_row][vc_row full_width=&#8220;stretch_row_content&#8220; parallax=&#8220;content-moving&#8220; parallax_image=&#8220;1253&#8243;][vc_column][vc_empty_space height=&#8220;500px&#8220;][\/vc_column][\/vc_row]<\/p>\n<\/div>","protected":false},"excerpt":{"rendered":"<p>[vc_row full_width=&#8220;stretch_row_content_no_spaces&#8220;][vc_column][vc_raw_html]PGRpdiBjbGFzcz0iYXJyb3ctd3JhcHBlciI+PGRpdiBjbGFzcz0iYXJyb3ciPjwvZGl2PjwvZGl2Pg==[\/vc_raw_html][\/vc_column][\/vc_row][vc_row content_placement=&#8220;middle&#8220; css=&#8220;.vc_custom_1617299287830{padding-top: 60px !important;padding-bottom: 80px !important;}&#8220;][vc_column width=&#8220;1\/2&#8243;][vc_column_text] Hotel Al Gazzettino &#8211; Venedig [\/vc_column_text][vc_empty_space][vc_column_text]In einem alten Geb\u00e4ude aus dem 17. Jahrhundert befindet sich das\u00a0Hotel al Gazzettino, einst Sitz einer Textilwerkstatt und sp\u00e4ter eines Gasthauses, in dem t\u00fcrkische Arbeiter und H\u00e4ndler untergebracht waren, die Handelsbeziehungen zur \u201eSerenissima\u201c pflegten. Das Hotel Al Gazzettino ist seit \u00fcber&hellip;<\/p>\n","protected":false},"author":1,"featured_media":0,"parent":0,"menu_order":0,"comment_status":"closed","ping_status":"closed","template":"","meta":{"footnotes":""},"yoast_head":"<!-- This site is optimized with the Yoast SEO plugin v19.11 - https:\/\/yoast.com\/wordpress\/plugins\/seo\/ -->\n<title>Al Gazzettino Hotel - Venedig - Official Website<\/title>\n<meta name=\"description\" content=\"In einem alten Geb\u00e4ude aus dem 17. Jahrhundert befindet sich das Hotel al Gazzettino, einst Sitz einer Textilwerkstatt und sp\u00e4ter eines Gasthauses, in dem t\u00fcrkische Arbeiter und H\u00e4ndler untergebracht waren, die Handelsbeziehungen zur \u201eSerenissima\u201c pflegten. Das Hotel Al Gazzettino ist seit \u00fcber 50 Jahren nach der ber\u00fchmten venezianischen Tageszeitung benannt, die bis vor wenigen Jahren ihren Sitz dem Hotel gegen\u00fcber hatte. Dank seines \u00fcber hundertj\u00e4hrigen Betriebs ist das Hotel Al Gazzettino eines der ber\u00fchmtesten Hotels in Venedig und hat sich die im Laufe der Jahre weitergegebene Gastfreundschaft und Herzlichkeit bewahrt. Dar\u00fcber hinaus erfreut sich das Hotel Al Gazzettino einer bevorzugten Lage, um Venedig zu besuchen.\" \/>\n<meta name=\"robots\" content=\"index, follow, max-snippet:-1, max-image-preview:large, max-video-preview:-1\" \/>\n<link rel=\"canonical\" href=\"https:\/\/www.algazzettino.com\/\" \/>\n<meta property=\"og:locale\" content=\"de_DE\" \/>\n<meta property=\"og:type\" content=\"article\" \/>\n<meta property=\"og:title\" content=\"Al Gazzettino Hotel - Venedig - Official Website\" \/>\n<meta property=\"og:description\" content=\"In einem alten Geb\u00e4ude aus dem 17. Jahrhundert befindet sich das Hotel al Gazzettino, einst Sitz einer Textilwerkstatt und sp\u00e4ter eines Gasthauses, in dem t\u00fcrkische Arbeiter und H\u00e4ndler untergebracht waren, die Handelsbeziehungen zur \u201eSerenissima\u201c pflegten. Das Hotel Al Gazzettino ist seit \u00fcber 50 Jahren nach der ber\u00fchmten venezianischen Tageszeitung benannt, die bis vor wenigen Jahren ihren Sitz dem Hotel gegen\u00fcber hatte. Dank seines \u00fcber hundertj\u00e4hrigen Betriebs ist das Hotel Al Gazzettino eines der ber\u00fchmtesten Hotels in Venedig und hat sich die im Laufe der Jahre weitergegebene Gastfreundschaft und Herzlichkeit bewahrt. Dar\u00fcber hinaus erfreut sich das Hotel Al Gazzettino einer bevorzugten Lage, um Venedig zu besuchen.\" \/>\n<meta property=\"og:url\" content=\"https:\/\/www.algazzettino.com\/\" \/>\n<meta property=\"og:site_name\" content=\"Al Gazzettino Hotel\" \/>\n<meta property=\"article:modified_time\" content=\"2022-06-20T19:23:12+00:00\" \/>\n<meta name=\"twitter:card\" content=\"summary_large_image\" \/>\n<meta name=\"twitter:label1\" content=\"Gesch\u00e4tzte Lesezeit\" \/>\n\t<meta name=\"twitter:data1\" content=\"1 Minute\" \/>\n<script type=\"application\/ld+json\" class=\"yoast-schema-graph\">{\"@context\":\"https:\/\/schema.org\",\"@graph\":[{\"@type\":\"WebPage\",\"@id\":\"https:\/\/www.algazzettino.com\/\",\"url\":\"https:\/\/www.algazzettino.com\/\",\"name\":\"Al Gazzettino Hotel - Venedig - Official Website\",\"isPartOf\":{\"@id\":\"https:\/\/www.algazzettino.com\/#website\"},\"datePublished\":\"2022-06-20T10:09:29+00:00\",\"dateModified\":\"2022-06-20T19:23:12+00:00\",\"description\":\"In einem alten Geb\u00e4ude aus dem 17. Jahrhundert befindet sich das Hotel al Gazzettino, einst Sitz einer Textilwerkstatt und sp\u00e4ter eines Gasthauses, in dem t\u00fcrkische Arbeiter und H\u00e4ndler untergebracht waren, die Handelsbeziehungen zur \u201eSerenissima\u201c pflegten. Das Hotel Al Gazzettino ist seit \u00fcber 50 Jahren nach der ber\u00fchmten venezianischen Tageszeitung benannt, die bis vor wenigen Jahren ihren Sitz dem Hotel gegen\u00fcber hatte. Dank seines \u00fcber hundertj\u00e4hrigen Betriebs ist das Hotel Al Gazzettino eines der ber\u00fchmtesten Hotels in Venedig und hat sich die im Laufe der Jahre weitergegebene Gastfreundschaft und Herzlichkeit bewahrt. Dar\u00fcber hinaus erfreut sich das Hotel Al Gazzettino einer bevorzugten Lage, um Venedig zu besuchen.\",\"breadcrumb\":{\"@id\":\"https:\/\/www.algazzettino.com\/#breadcrumb\"},\"inLanguage\":\"de-DE\",\"potentialAction\":[{\"@type\":\"ReadAction\",\"target\":[\"https:\/\/www.algazzettino.com\/\"]}]},{\"@type\":\"BreadcrumbList\",\"@id\":\"https:\/\/www.algazzettino.com\/#breadcrumb\",\"itemListElement\":[{\"@type\":\"ListItem\",\"position\":1,\"name\":\"Home\",\"item\":\"https:\/\/www.algazzettino.com\/\"},{\"@type\":\"ListItem\",\"position\":2,\"name\":\"STARTSEITE\"}]},{\"@type\":\"WebSite\",\"@id\":\"https:\/\/www.algazzettino.com\/#website\",\"url\":\"https:\/\/www.algazzettino.com\/\",\"name\":\"Al Gazzettino Hotel\",\"description\":\"Official Website\",\"publisher\":{\"@id\":\"https:\/\/www.algazzettino.com\/#organization\"},\"potentialAction\":[{\"@type\":\"SearchAction\",\"target\":{\"@type\":\"EntryPoint\",\"urlTemplate\":\"https:\/\/www.algazzettino.com\/?s={search_term_string}\"},\"query-input\":\"required name=search_term_string\"}],\"inLanguage\":\"de-DE\"},{\"@type\":\"Organization\",\"@id\":\"https:\/\/www.algazzettino.com\/#organization\",\"name\":\"Hotel al Gazzettino\",\"url\":\"https:\/\/www.algazzettino.com\/\",\"logo\":{\"@type\":\"ImageObject\",\"inLanguage\":\"de-DE\",\"@id\":\"https:\/\/www.algazzettino.com\/#\/schema\/logo\/image\/\",\"url\":\"https:\/\/www.algazzettino.com\/wp-content\/uploads\/2022\/05\/logo-color.png\",\"contentUrl\":\"https:\/\/www.algazzettino.com\/wp-content\/uploads\/2022\/05\/logo-color.png\",\"width\":300,\"height\":161,\"caption\":\"Hotel al Gazzettino\"},\"image\":{\"@id\":\"https:\/\/www.algazzettino.com\/#\/schema\/logo\/image\/\"}}]}<\/script>\n<!-- \/ Yoast SEO plugin. -->","yoast_head_json":{"title":"Al Gazzettino Hotel - Venedig - Official Website","description":"In einem alten Geb\u00e4ude aus dem 17. Jahrhundert befindet sich das Hotel al Gazzettino, einst Sitz einer Textilwerkstatt und sp\u00e4ter eines Gasthauses, in dem t\u00fcrkische Arbeiter und H\u00e4ndler untergebracht waren, die Handelsbeziehungen zur \u201eSerenissima\u201c pflegten. Das Hotel Al Gazzettino ist seit \u00fcber 50 Jahren nach der ber\u00fchmten venezianischen Tageszeitung benannt, die bis vor wenigen Jahren ihren Sitz dem Hotel gegen\u00fcber hatte. Dank seines \u00fcber hundertj\u00e4hrigen Betriebs ist das Hotel Al Gazzettino eines der ber\u00fchmtesten Hotels in Venedig und hat sich die im Laufe der Jahre weitergegebene Gastfreundschaft und Herzlichkeit bewahrt. Dar\u00fcber hinaus erfreut sich das Hotel Al Gazzettino einer bevorzugten Lage, um Venedig zu besuchen.","robots":{"index":"index","follow":"follow","max-snippet":"max-snippet:-1","max-image-preview":"max-image-preview:large","max-video-preview":"max-video-preview:-1"},"canonical":"https:\/\/www.algazzettino.com\/","og_locale":"de_DE","og_type":"article","og_title":"Al Gazzettino Hotel - Venedig - Official Website","og_description":"In einem alten Geb\u00e4ude aus dem 17. Jahrhundert befindet sich das Hotel al Gazzettino, einst Sitz einer Textilwerkstatt und sp\u00e4ter eines Gasthauses, in dem t\u00fcrkische Arbeiter und H\u00e4ndler untergebracht waren, die Handelsbeziehungen zur \u201eSerenissima\u201c pflegten. Das Hotel Al Gazzettino ist seit \u00fcber 50 Jahren nach der ber\u00fchmten venezianischen Tageszeitung benannt, die bis vor wenigen Jahren ihren Sitz dem Hotel gegen\u00fcber hatte. Dank seines \u00fcber hundertj\u00e4hrigen Betriebs ist das Hotel Al Gazzettino eines der ber\u00fchmtesten Hotels in Venedig und hat sich die im Laufe der Jahre weitergegebene Gastfreundschaft und Herzlichkeit bewahrt. Dar\u00fcber hinaus erfreut sich das Hotel Al Gazzettino einer bevorzugten Lage, um Venedig zu besuchen.","og_url":"https:\/\/www.algazzettino.com\/","og_site_name":"Al Gazzettino Hotel","article_modified_time":"2022-06-20T19:23:12+00:00","twitter_card":"summary_large_image","twitter_misc":{"Gesch\u00e4tzte Lesezeit":"1 Minute"},"schema":{"@context":"https:\/\/schema.org","@graph":[{"@type":"WebPage","@id":"https:\/\/www.algazzettino.com\/","url":"https:\/\/www.algazzettino.com\/","name":"Al Gazzettino Hotel - Venedig - Official Website","isPartOf":{"@id":"https:\/\/www.algazzettino.com\/#website"},"datePublished":"2022-06-20T10:09:29+00:00","dateModified":"2022-06-20T19:23:12+00:00","description":"In einem alten Geb\u00e4ude aus dem 17. Jahrhundert befindet sich das Hotel al Gazzettino, einst Sitz einer Textilwerkstatt und sp\u00e4ter eines Gasthauses, in dem t\u00fcrkische Arbeiter und H\u00e4ndler untergebracht waren, die Handelsbeziehungen zur \u201eSerenissima\u201c pflegten. Das Hotel Al Gazzettino ist seit \u00fcber 50 Jahren nach der ber\u00fchmten venezianischen Tageszeitung benannt, die bis vor wenigen Jahren ihren Sitz dem Hotel gegen\u00fcber hatte. Dank seines \u00fcber hundertj\u00e4hrigen Betriebs ist das Hotel Al Gazzettino eines der ber\u00fchmtesten Hotels in Venedig und hat sich die im Laufe der Jahre weitergegebene Gastfreundschaft und Herzlichkeit bewahrt. Dar\u00fcber hinaus erfreut sich das Hotel Al Gazzettino einer bevorzugten Lage, um Venedig zu besuchen.","breadcrumb":{"@id":"https:\/\/www.algazzettino.com\/#breadcrumb"},"inLanguage":"de-DE","potentialAction":[{"@type":"ReadAction","target":["https:\/\/www.algazzettino.com\/"]}]},{"@type":"BreadcrumbList","@id":"https:\/\/www.algazzettino.com\/#breadcrumb","itemListElement":[{"@type":"ListItem","position":1,"name":"Home","item":"https:\/\/www.algazzettino.com\/"},{"@type":"ListItem","position":2,"name":"STARTSEITE"}]},{"@type":"WebSite","@id":"https:\/\/www.algazzettino.com\/#website","url":"https:\/\/www.algazzettino.com\/","name":"Al Gazzettino Hotel","description":"Official Website","publisher":{"@id":"https:\/\/www.algazzettino.com\/#organization"},"potentialAction":[{"@type":"SearchAction","target":{"@type":"EntryPoint","urlTemplate":"https:\/\/www.algazzettino.com\/?s={search_term_string}"},"query-input":"required name=search_term_string"}],"inLanguage":"de-DE"},{"@type":"Organization","@id":"https:\/\/www.algazzettino.com\/#organization","name":"Hotel al Gazzettino","url":"https:\/\/www.algazzettino.com\/","logo":{"@type":"ImageObject","inLanguage":"de-DE","@id":"https:\/\/www.algazzettino.com\/#\/schema\/logo\/image\/","url":"https:\/\/www.algazzettino.com\/wp-content\/uploads\/2022\/05\/logo-color.png","contentUrl":"https:\/\/www.algazzettino.com\/wp-content\/uploads\/2022\/05\/logo-color.png","width":300,"height":161,"caption":"Hotel al Gazzettino"},"image":{"@id":"https:\/\/www.algazzettino.com\/#\/schema\/logo\/image\/"}}]}},"_links":{"self":[{"href":"https:\/\/www.algazzettino.com\/de\/wp-json\/wp\/v2\/pages\/1330"}],"collection":[{"href":"https:\/\/www.algazzettino.com\/de\/wp-json\/wp\/v2\/pages"}],"about":[{"href":"https:\/\/www.algazzettino.com\/de\/wp-json\/wp\/v2\/types\/page"}],"author":[{"embeddable":true,"href":"https:\/\/www.algazzettino.com\/de\/wp-json\/wp\/v2\/users\/1"}],"replies":[{"embeddable":true,"href":"https:\/\/www.algazzettino.com\/de\/wp-json\/wp\/v2\/comments?post=1330"}],"version-history":[{"count":4,"href":"https:\/\/www.algazzettino.com\/de\/wp-json\/wp\/v2\/pages\/1330\/revisions"}],"predecessor-version":[{"id":1438,"href":"https:\/\/www.algazzettino.com\/de\/wp-json\/wp\/v2\/pages\/1330\/revisions\/1438"}],"wp:attachment":[{"href":"https:\/\/www.algazzettino.com\/de\/wp-json\/wp\/v2\/media?parent=1330"}],"curies":[{"name":"wp","href":"https:\/\/api.w.org\/{rel}","templated":true}]}}