{"id":1361,"date":"2022-06-20T12:12:59","date_gmt":"2022-06-20T10:12:59","guid":{"rendered":"https:\/\/www.algazzettino.com\/wordpress\/lage\/"},"modified":"2022-06-20T12:12:59","modified_gmt":"2022-06-20T10:12:59","slug":"lage","status":"publish","type":"page","link":"https:\/\/www.algazzettino.com\/de\/lage\/","title":{"rendered":"LAGE"},"content":{"rendered":"<div class=\"wpb-content-wrapper\"><p>[vc_row full_width=&#8220;stretch_row_content&#8220;][vc_column]\n\t\t\t<!-- START Location REVOLUTION SLIDER 6.6.18 --><p class=\"rs-p-wp-fix\"><\/p>\n\t\t\t<rs-module-wrap id=\"rev_slider_5_1_wrapper\" data-source=\"gallery\" style=\"visibility:hidden;background:transparent;padding:0;\">\n\t\t\t\t<rs-module id=\"rev_slider_5_1\" style=\"\" data-version=\"6.6.18\">\n\t\t\t\t\t<rs-slides style=\"overflow: hidden; position: absolute;\">\n\t\t\t\t\t\t<rs-slide style=\"position: absolute;\" data-key=\"rs-11\" data-title=\"Slide\" data-anim=\"adpr:false;\" data-in=\"o:0;\" data-out=\"a:false;\">\n\t\t\t\t\t\t\t<img decoding=\"async\" src=\"\/\/www.algazzettino.com\/wp-content\/plugins\/revslider\/public\/assets\/assets\/dummy.png\" alt=\"\" title=\"VENEZIA-DNN_5371\" width=\"2560\" height=\"1707\" class=\"rev-slidebg tp-rs-img rs-lazyload\" data-lazyload=\"\/\/www.algazzettino.com\/wordpress\/wp-content\/uploads\/2022\/05\/VENEZIA-DNN_5371.jpg\" data-no-retina>\n<!---->\t\t\t\t\t\t<\/rs-slide>\n\t\t\t\t\t<\/rs-slides>\n\t\t\t\t<\/rs-module>\n\t\t\t\t<script>\n\t\t\t\t\tsetREVStartSize({c: 'rev_slider_5_1',rl:[1240,1024,778,480],el:[900],gw:[1240],gh:[900],type:'standard',justify:'',layout:'fullscreen',offsetContainer:'',offset:'',mh:\"0\"});if (window.RS_MODULES!==undefined && window.RS_MODULES.modules!==undefined && window.RS_MODULES.modules[\"revslider51\"]!==undefined) {window.RS_MODULES.modules[\"revslider51\"].once = false;window.revapi5 = undefined;if (window.RS_MODULES.checkMinimal!==undefined) window.RS_MODULES.checkMinimal()}\n\t\t\t\t<\/script>\n\t\t\t<\/rs-module-wrap>\n\t\t\t<!-- END REVOLUTION SLIDER -->\n[vc_raw_html]PGRpdiBjbGFzcz0iYXJyb3ctd3JhcHBlciI+PGRpdiBjbGFzcz0iYXJyb3ciPjwvZGl2PjwvZGl2Pg==[\/vc_raw_html][\/vc_column][\/vc_row][vc_row full_width=&#8220;stretch_row_content&#8220;][vc_column][vc_empty_space height=&#8220;100px&#8220;][vc_column_text]<\/p>\n<h1 style=\"text-align: center;\">LAGE<\/h1>\n<p>[\/vc_column_text][vc_empty_space height=&#8220;50px&#8220;][\/vc_column][\/vc_row][vc_row][vc_column][vc_column_text]<br \/>\n[\/vc_column_text][\/vc_column][\/vc_row][vc_row css=&#8220;.vc_custom_1547553006946{padding-top: 10px !important;padding-bottom: 50px !important;}&#8220;][vc_column][vc_column_text]<\/p>\n<p style=\"text-align: center;\">Das Hotel liegt im Herzen der Stadt zwischen dem Markusplatz und der Rialtobr\u00fccke, nur wenige von den Mercerie entfernt, der Stra\u00dfe mit den exklusivsten Gesch\u00e4ften. Es blickt auf eine lange Geschichte zur\u00fcck: Im 19. Jahrhundert war es Sitz einer Textilwerkstatt, dann wurde es zu einem Gasthaus, das t\u00fcrkische Arbeiter, die Handelsbeziehungen mit der \u201eSerenissima\u201c pflegten, und H\u00e4ndler, die Gesch\u00e4fte in der Stadt abwickelten, beherbergte.<\/p>\n<p>[\/vc_column_text][\/vc_column][\/vc_row][vc_row full_width=&#8220;stretch_row_content_no_spaces&#8220;][vc_column][vc_gmaps link=&#8220;#E-8_JTNDaWZyYW1lJTIwc3JjJTNEJTIyaHR0cHMlM0ElMkYlMkZ3d3cuZ29vZ2xlLmNvbSUyRm1hcHMlMkZlbWJlZCUzRnBiJTNEJTIxMW0xOCUyMTFtMTIlMjExbTMlMjExZDE1ODM3LjI5MzcwMTMwOTg0MiUyMTJkMTIuMzMxMjk3MDQ4MDMzODIzJTIxM2Q0NS40MzYyNjUxOTQ3NDg4NiUyMTJtMyUyMTFmMCUyMTJmMCUyMTNmMCUyMTNtMiUyMTFpMTAyNCUyMTJpNzY4JTIxNGYxMy4xJTIxM20zJTIxMW0yJTIxMXMweDQ3N2ViMWQ5OGU4NjM1ZmIlMjUzQTB4ZTE3OGQzYmQ5NjcxZTg0OCUyMTJzSG90ZWwlMjUyMEFsJTI1MjBHYXp6ZXR0aW5vJTIxNWUwJTIxM20yJTIxMXNpdCUyMTJzaXQlMjE0djE2NTE1MDkyODc4MjUlMjE1bTIlMjExc2l0JTIxMnNpdCUyMiUyMHdpZHRoJTNEJTIyNjAwJTIyJTIwaGVpZ2h0JTNEJTIyNDUwJTIyJTIwc3R5bGUlM0QlMjJib3JkZXIlM0EwJTNCJTIyJTIwYWxsb3dmdWxsc2NyZWVuJTNEJTIyJTIyJTIwbG9hZGluZyUzRCUyMmxhenklMjIlMjByZWZlcnJlcnBvbGljeSUzRCUyMm5vLXJlZmVycmVyLXdoZW4tZG93bmdyYWRlJTIyJTNFJTNDJTJGaWZyYW1lJTNF&#8220; size=&#8220;800px&#8220;][vc_empty_space height=&#8220;40px&#8220;][\/vc_column][\/vc_row][vc_row css=&#8220;.vc_custom_1547712153347{padding-top: 50px !important;padding-bottom: 50px !important;}&#8220;][vc_column][vc_column_text]<\/p>\n<h2 style=\"text-align: center;\">Anreise<\/h2>\n<p>[\/vc_column_text][\/vc_column][\/vc_row][vc_row full_width=&#8220;stretch_row_content&#8220; gap=&#8220;35&#8243; css=&#8220;.vc_custom_1547712291318{padding-bottom: 50px !important;}&#8220;][vc_column width=&#8220;1\/3&#8243; css=&#8220;.vc_custom_1624271879949{padding-top: 35px !important;padding-right: 35px !important;padding-bottom: 35px !important;padding-left: 35px !important;background-color: #f4f4f4 !important;}&#8220;][vc_icon icon_fontawesome=&#8220;fa fa-plane&#8220; color=&#8220;black&#8220; size=&#8220;xl&#8220; align=&#8220;center&#8220;][vc_column_text]<\/p>\n<h3 style=\"text-align: center;\">Anreise mit dem Flugzeug<\/h3>\n<p style=\"text-align: center;\">Vom Flughafen Venedig \u201eMarco Polo\u201c nehmen Sie den Shuttlebus Nr. 5 zum Piazzale Roma. Vom Piazzale Roma nehmen Sie die ACTV-Vaporetto-Linie 2 und steigen an der Haltestelle Rialto (15 min.) aus.<br \/>\nAlternativ k\u00f6nnen Sie vom Hafen des Flughafens das Alilaguna-Motorboot (orangefarbene Linie) bis Rialto nutzen.<br \/>\nVom Flughafen Treviso \u201eAntonio Canova\u201c nehmen Sie den Shuttlebus zum Piazzale Roma und dann die ACTV-Vaporetto-Linie 2 und steigen an der Haltestelle Rialto (15 min.) aus.<br \/>\nDas Hotel Al Gazzettino liegt nur wenige Schritte in Richtung Markusplatz in der Calle del Mezzo Nr. 4971.<\/p>\n<p>[\/vc_column_text][\/vc_column][vc_column width=&#8220;1\/3&#8243; css=&#8220;.vc_custom_1624271891641{padding-top: 35px !important;padding-right: 35px !important;padding-bottom: 35px !important;padding-left: 35px !important;background-color: #f4f4f4 !important;}&#8220;][vc_icon icon_fontawesome=&#8220;fa fa-car&#8220; color=&#8220;black&#8220; size=&#8220;xl&#8220; align=&#8220;center&#8220;][vc_column_text]<\/p>\n<h3 style=\"text-align: center;\">Anreise mit dem Auto<\/h3>\n<p style=\"text-align: center;\">Nachdem Sie die Ponte della Libert\u00e0 \u00fcberquert haben, biegen Sie rechts ab und parken Ihr Auto in einer der Tronchetto-Garagen oder, wenn Sie weitere 300 Meter geradeaus weiterfahren, in den Garagen am Piazzale Roma.<br \/>\nVom Tronchetto nehmen Sie die ACTV-Vaporetto-Linie 2 und steigen an der Haltestelle Rialto (20 min) aus.<br \/>\nDas Hotel Al Gazzettino liegt nur wenige Schritte in Richtung Markusplatz in der Calle del Mezzo Nr. 4971.<\/p>\n<p>[\/vc_column_text][\/vc_column][vc_column width=&#8220;1\/3&#8243; css=&#8220;.vc_custom_1624271899316{padding-top: 35px !important;padding-right: 35px !important;padding-bottom: 35px !important;padding-left: 35px !important;background-color: #f4f4f4 !important;}&#8220;][vc_icon icon_fontawesome=&#8220;fa fa-train&#8220; color=&#8220;black&#8220; size=&#8220;xl&#8220; align=&#8220;center&#8220;][vc_column_text]<\/p>\n<h3 style=\"text-align: center;\">Anreise mit der Bahn<\/h3>\n<p style=\"text-align: center;\">Vom Bahnhof Santa Lucia nehmen Sie das ACTV-Vaporetto-Linie 2 und steigen an der Haltestelle Rialto (15 min.) aus.<br \/>\nDas Hotel Al Gazzettino liegt nur wenige Schritte in Richtung Markusplatz in der Calle del Mezzo Nr. 4971.<\/p>\n<p>[\/vc_column_text][\/vc_column][\/vc_row]<\/p>\n<\/div>","protected":false},"excerpt":{"rendered":"<p>[vc_row full_width=&#8220;stretch_row_content&#8220;][vc_column][vc_raw_html]PGRpdiBjbGFzcz0iYXJyb3ctd3JhcHBlciI+PGRpdiBjbGFzcz0iYXJyb3ciPjwvZGl2PjwvZGl2Pg==[\/vc_raw_html][\/vc_column][\/vc_row][vc_row full_width=&#8220;stretch_row_content&#8220;][vc_column][vc_empty_space height=&#8220;100px&#8220;][vc_column_text] LAGE [\/vc_column_text][vc_empty_space height=&#8220;50px&#8220;][\/vc_column][\/vc_row][vc_row][vc_column][vc_column_text] [\/vc_column_text][\/vc_column][\/vc_row][vc_row css=&#8220;.vc_custom_1547553006946{padding-top: 10px !important;padding-bottom: 50px !important;}&#8220;][vc_column][vc_column_text] Das Hotel liegt im Herzen der Stadt zwischen dem Markusplatz und der Rialtobr\u00fccke, nur wenige von den Mercerie entfernt, der Stra\u00dfe mit den exklusivsten Gesch\u00e4ften. Es blickt auf eine lange Geschichte zur\u00fcck: Im 19. Jahrhundert war es Sitz einer Textilwerkstatt, dann wurde&hellip;<\/p>\n","protected":false},"author":1,"featured_media":0,"parent":0,"menu_order":0,"comment_status":"closed","ping_status":"closed","template":"","meta":{"footnotes":""},"yoast_head":"<!-- This site is optimized with the Yoast SEO plugin v19.11 - https:\/\/yoast.com\/wordpress\/plugins\/seo\/ -->\n<title>LAGE - Al Gazzettino Hotel<\/title>\n<meta name=\"robots\" content=\"index, follow, max-snippet:-1, max-image-preview:large, max-video-preview:-1\" \/>\n<link rel=\"canonical\" href=\"https:\/\/www.algazzettino.com\/de\/lage\/\" \/>\n<meta property=\"og:locale\" content=\"de_DE\" \/>\n<meta property=\"og:type\" content=\"article\" \/>\n<meta property=\"og:title\" content=\"LAGE - Al Gazzettino Hotel\" \/>\n<meta property=\"og:description\" content=\"[vc_row full_width=&#8220;stretch_row_content&#8220;][vc_column][vc_raw_html]PGRpdiBjbGFzcz0iYXJyb3ctd3JhcHBlciI+PGRpdiBjbGFzcz0iYXJyb3ciPjwvZGl2PjwvZGl2Pg==[\/vc_raw_html][\/vc_column][\/vc_row][vc_row full_width=&#8220;stretch_row_content&#8220;][vc_column][vc_empty_space height=&#8220;100px&#8220;][vc_column_text] LAGE [\/vc_column_text][vc_empty_space height=&#8220;50px&#8220;][\/vc_column][\/vc_row][vc_row][vc_column][vc_column_text] [\/vc_column_text][\/vc_column][\/vc_row][vc_row css=&#8220;.vc_custom_1547553006946{padding-top: 10px !important;padding-bottom: 50px !important;}&#8220;][vc_column][vc_column_text] Das Hotel liegt im Herzen der Stadt zwischen dem Markusplatz und der Rialtobr\u00fccke, nur wenige von den Mercerie entfernt, der Stra\u00dfe mit den exklusivsten Gesch\u00e4ften. Es blickt auf eine lange Geschichte zur\u00fcck: Im 19. Jahrhundert war es Sitz einer Textilwerkstatt, dann wurde&hellip;\" \/>\n<meta property=\"og:url\" content=\"https:\/\/www.algazzettino.com\/de\/lage\/\" \/>\n<meta property=\"og:site_name\" content=\"Al Gazzettino Hotel\" \/>\n<meta name=\"twitter:card\" content=\"summary_large_image\" \/>\n<meta name=\"twitter:label1\" content=\"Gesch\u00e4tzte Lesezeit\" \/>\n\t<meta name=\"twitter:data1\" content=\"3 Minuten\" \/>\n<script type=\"application\/ld+json\" class=\"yoast-schema-graph\">{\"@context\":\"https:\/\/schema.org\",\"@graph\":[{\"@type\":\"WebPage\",\"@id\":\"https:\/\/www.algazzettino.com\/de\/lage\/\",\"url\":\"https:\/\/www.algazzettino.com\/de\/lage\/\",\"name\":\"LAGE - Al Gazzettino Hotel\",\"isPartOf\":{\"@id\":\"https:\/\/www.algazzettino.com\/#website\"},\"datePublished\":\"2022-06-20T10:12:59+00:00\",\"dateModified\":\"2022-06-20T10:12:59+00:00\",\"breadcrumb\":{\"@id\":\"https:\/\/www.algazzettino.com\/de\/lage\/#breadcrumb\"},\"inLanguage\":\"de-DE\",\"potentialAction\":[{\"@type\":\"ReadAction\",\"target\":[\"https:\/\/www.algazzettino.com\/de\/lage\/\"]}]},{\"@type\":\"BreadcrumbList\",\"@id\":\"https:\/\/www.algazzettino.com\/de\/lage\/#breadcrumb\",\"itemListElement\":[{\"@type\":\"ListItem\",\"position\":1,\"name\":\"Home\",\"item\":\"https:\/\/www.algazzettino.com\/\"},{\"@type\":\"ListItem\",\"position\":2,\"name\":\"LAGE\"}]},{\"@type\":\"WebSite\",\"@id\":\"https:\/\/www.algazzettino.com\/#website\",\"url\":\"https:\/\/www.algazzettino.com\/\",\"name\":\"Al Gazzettino Hotel\",\"description\":\"Official Website\",\"publisher\":{\"@id\":\"https:\/\/www.algazzettino.com\/#organization\"},\"potentialAction\":[{\"@type\":\"SearchAction\",\"target\":{\"@type\":\"EntryPoint\",\"urlTemplate\":\"https:\/\/www.algazzettino.com\/?s={search_term_string}\"},\"query-input\":\"required name=search_term_string\"}],\"inLanguage\":\"de-DE\"},{\"@type\":\"Organization\",\"@id\":\"https:\/\/www.algazzettino.com\/#organization\",\"name\":\"Hotel al Gazzettino\",\"url\":\"https:\/\/www.algazzettino.com\/\",\"logo\":{\"@type\":\"ImageObject\",\"inLanguage\":\"de-DE\",\"@id\":\"https:\/\/www.algazzettino.com\/#\/schema\/logo\/image\/\",\"url\":\"https:\/\/www.algazzettino.com\/wp-content\/uploads\/2022\/05\/logo-color.png\",\"contentUrl\":\"https:\/\/www.algazzettino.com\/wp-content\/uploads\/2022\/05\/logo-color.png\",\"width\":300,\"height\":161,\"caption\":\"Hotel al Gazzettino\"},\"image\":{\"@id\":\"https:\/\/www.algazzettino.com\/#\/schema\/logo\/image\/\"}}]}<\/script>\n<!-- \/ Yoast SEO plugin. -->","yoast_head_json":{"title":"LAGE - Al Gazzettino Hotel","robots":{"index":"index","follow":"follow","max-snippet":"max-snippet:-1","max-image-preview":"max-image-preview:large","max-video-preview":"max-video-preview:-1"},"canonical":"https:\/\/www.algazzettino.com\/de\/lage\/","og_locale":"de_DE","og_type":"article","og_title":"LAGE - Al Gazzettino Hotel","og_description":"[vc_row full_width=&#8220;stretch_row_content&#8220;][vc_column][vc_raw_html]PGRpdiBjbGFzcz0iYXJyb3ctd3JhcHBlciI+PGRpdiBjbGFzcz0iYXJyb3ciPjwvZGl2PjwvZGl2Pg==[\/vc_raw_html][\/vc_column][\/vc_row][vc_row full_width=&#8220;stretch_row_content&#8220;][vc_column][vc_empty_space height=&#8220;100px&#8220;][vc_column_text] LAGE [\/vc_column_text][vc_empty_space height=&#8220;50px&#8220;][\/vc_column][\/vc_row][vc_row][vc_column][vc_column_text] [\/vc_column_text][\/vc_column][\/vc_row][vc_row css=&#8220;.vc_custom_1547553006946{padding-top: 10px !important;padding-bottom: 50px !important;}&#8220;][vc_column][vc_column_text] Das Hotel liegt im Herzen der Stadt zwischen dem Markusplatz und der Rialtobr\u00fccke, nur wenige von den Mercerie entfernt, der Stra\u00dfe mit den exklusivsten Gesch\u00e4ften. Es blickt auf eine lange Geschichte zur\u00fcck: Im 19. Jahrhundert war es Sitz einer Textilwerkstatt, dann wurde&hellip;","og_url":"https:\/\/www.algazzettino.com\/de\/lage\/","og_site_name":"Al Gazzettino Hotel","twitter_card":"summary_large_image","twitter_misc":{"Gesch\u00e4tzte Lesezeit":"3 Minuten"},"schema":{"@context":"https:\/\/schema.org","@graph":[{"@type":"WebPage","@id":"https:\/\/www.algazzettino.com\/de\/lage\/","url":"https:\/\/www.algazzettino.com\/de\/lage\/","name":"LAGE - Al Gazzettino Hotel","isPartOf":{"@id":"https:\/\/www.algazzettino.com\/#website"},"datePublished":"2022-06-20T10:12:59+00:00","dateModified":"2022-06-20T10:12:59+00:00","breadcrumb":{"@id":"https:\/\/www.algazzettino.com\/de\/lage\/#breadcrumb"},"inLanguage":"de-DE","potentialAction":[{"@type":"ReadAction","target":["https:\/\/www.algazzettino.com\/de\/lage\/"]}]},{"@type":"BreadcrumbList","@id":"https:\/\/www.algazzettino.com\/de\/lage\/#breadcrumb","itemListElement":[{"@type":"ListItem","position":1,"name":"Home","item":"https:\/\/www.algazzettino.com\/"},{"@type":"ListItem","position":2,"name":"LAGE"}]},{"@type":"WebSite","@id":"https:\/\/www.algazzettino.com\/#website","url":"https:\/\/www.algazzettino.com\/","name":"Al Gazzettino Hotel","description":"Official Website","publisher":{"@id":"https:\/\/www.algazzettino.com\/#organization"},"potentialAction":[{"@type":"SearchAction","target":{"@type":"EntryPoint","urlTemplate":"https:\/\/www.algazzettino.com\/?s={search_term_string}"},"query-input":"required name=search_term_string"}],"inLanguage":"de-DE"},{"@type":"Organization","@id":"https:\/\/www.algazzettino.com\/#organization","name":"Hotel al Gazzettino","url":"https:\/\/www.algazzettino.com\/","logo":{"@type":"ImageObject","inLanguage":"de-DE","@id":"https:\/\/www.algazzettino.com\/#\/schema\/logo\/image\/","url":"https:\/\/www.algazzettino.com\/wp-content\/uploads\/2022\/05\/logo-color.png","contentUrl":"https:\/\/www.algazzettino.com\/wp-content\/uploads\/2022\/05\/logo-color.png","width":300,"height":161,"caption":"Hotel al Gazzettino"},"image":{"@id":"https:\/\/www.algazzettino.com\/#\/schema\/logo\/image\/"}}]}},"_links":{"self":[{"href":"https:\/\/www.algazzettino.com\/de\/wp-json\/wp\/v2\/pages\/1361"}],"collection":[{"href":"https:\/\/www.algazzettino.com\/de\/wp-json\/wp\/v2\/pages"}],"about":[{"href":"https:\/\/www.algazzettino.com\/de\/wp-json\/wp\/v2\/types\/page"}],"author":[{"embeddable":true,"href":"https:\/\/www.algazzettino.com\/de\/wp-json\/wp\/v2\/users\/1"}],"replies":[{"embeddable":true,"href":"https:\/\/www.algazzettino.com\/de\/wp-json\/wp\/v2\/comments?post=1361"}],"version-history":[{"count":2,"href":"https:\/\/www.algazzettino.com\/de\/wp-json\/wp\/v2\/pages\/1361\/revisions"}],"predecessor-version":[{"id":1363,"href":"https:\/\/www.algazzettino.com\/de\/wp-json\/wp\/v2\/pages\/1361\/revisions\/1363"}],"wp:attachment":[{"href":"https:\/\/www.algazzettino.com\/de\/wp-json\/wp\/v2\/media?parent=1361"}],"curies":[{"name":"wp","href":"https:\/\/api.w.org\/{rel}","templated":true}]}}