{"id":1401,"date":"2022-06-20T12:21:21","date_gmt":"2022-06-20T10:21:21","guid":{"rendered":"https:\/\/www.algazzettino.com\/wordpress\/contacto\/"},"modified":"2022-06-20T12:41:55","modified_gmt":"2022-06-20T10:41:55","slug":"contacto","status":"publish","type":"page","link":"https:\/\/www.algazzettino.com\/es\/contacto\/","title":{"rendered":"CONTACTO"},"content":{"rendered":"<div class=\"wpb-content-wrapper\"><p>[vc_row full_width=\u00bbstretch_row_content\u00bb][vc_column]\n\t\t\t<!-- START Contatti REVOLUTION SLIDER 6.6.18 --><p class=\"rs-p-wp-fix\"><\/p>\n\t\t\t<rs-module-wrap id=\"rev_slider_6_1_wrapper\" data-source=\"gallery\" style=\"visibility:hidden;background:transparent;padding:0;\">\n\t\t\t\t<rs-module id=\"rev_slider_6_1\" style=\"\" data-version=\"6.6.18\">\n\t\t\t\t\t<rs-slides style=\"overflow: hidden; position: absolute;\">\n\t\t\t\t\t\t<rs-slide style=\"position: absolute;\" data-key=\"rs-12\" data-title=\"Slide\" data-anim=\"adpr:false;\" data-in=\"o:0;\" data-out=\"a:false;\">\n\t\t\t\t\t\t\t<img decoding=\"async\" src=\"\/\/www.algazzettino.com\/wp-content\/plugins\/revslider\/public\/assets\/assets\/dummy.png\" alt=\"\" title=\"EXTRA-_DNN6914\" width=\"2560\" height=\"1707\" class=\"rev-slidebg tp-rs-img rs-lazyload\" data-lazyload=\"\/\/www.algazzettino.com\/wordpress\/wp-content\/uploads\/2022\/05\/EXTRA-_DNN6914.jpg\" data-no-retina>\n<!---->\t\t\t\t\t\t<\/rs-slide>\n\t\t\t\t\t<\/rs-slides>\n\t\t\t\t<\/rs-module>\n\t\t\t\t<script>\n\t\t\t\t\tsetREVStartSize({c: 'rev_slider_6_1',rl:[1240,1024,778,480],el:[900],gw:[1240],gh:[900],type:'standard',justify:'',layout:'fullscreen',offsetContainer:'',offset:'',mh:\"0\"});if (window.RS_MODULES!==undefined && window.RS_MODULES.modules!==undefined && window.RS_MODULES.modules[\"revslider61\"]!==undefined) {window.RS_MODULES.modules[\"revslider61\"].once = false;window.revapi6 = undefined;if (window.RS_MODULES.checkMinimal!==undefined) window.RS_MODULES.checkMinimal()}\n\t\t\t\t<\/script>\n\t\t\t<\/rs-module-wrap>\n\t\t\t<!-- END REVOLUTION SLIDER -->\n[vc_raw_html]PGRpdiBjbGFzcz0iYXJyb3ctd3JhcHBlciI+PGRpdiBjbGFzcz0iYXJyb3ciPjwvZGl2PjwvZGl2Pg==[\/vc_raw_html][\/vc_column][\/vc_row][vc_row full_width=\u00bbstretch_row_content\u00bb][vc_column][vc_empty_space height=\u00bb100px\u00bb][vc_column_text]<\/p>\n<h1 style=\"text-align: center;\">CONTACTO<\/h1>\n<p>&nbsp;[\/vc_column_text][vc_empty_space height=\u00bb50px\u00bb][\/vc_column][\/vc_row][vc_row css=\u00bb.vc_custom_1605484631724{padding-top: 20px !important;padding-bottom: 40px !important;}\u00bb][vc_column][vc_column_text]<\/p>\n<p style=\"text-align: center;\"><strong>Utiliza el siguiente formulario para contactar con nosotros o solicitar m\u00e1s informaci\u00f3n.<\/strong><\/p>\n<p>&nbsp;[\/vc_column_text][\/vc_column][\/vc_row][vc_row css=\u00bb.vc_custom_1605484638015{padding-bottom: 110px !important;}\u00bb][vc_column width=\u00bb1\/6&#8243;][vc_empty_space height=\u00bb5px\u00bb][\/vc_column][vc_column width=\u00bb2\/3&#8243;]\n<div class=\"wpcf7 no-js\" id=\"wpcf7-f1404-o1\" lang=\"it-IT\" dir=\"ltr\">\n<div class=\"screen-reader-response\"><p role=\"status\" aria-live=\"polite\" aria-atomic=\"true\"><\/p> <ul><\/ul><\/div>\n<form action=\"\/es\/wp-json\/wp\/v2\/pages\/1401#wpcf7-f1404-o1\" method=\"post\" class=\"wpcf7-form init\" aria-label=\"Modulo di contatto\" novalidate=\"novalidate\" data-status=\"init\">\n<div style=\"display: none;\">\n<input type=\"hidden\" name=\"_wpcf7\" value=\"1404\" \/>\n<input type=\"hidden\" name=\"_wpcf7_version\" value=\"5.9.8\" \/>\n<input type=\"hidden\" name=\"_wpcf7_locale\" value=\"it_IT\" \/>\n<input type=\"hidden\" name=\"_wpcf7_unit_tag\" value=\"wpcf7-f1404-o1\" \/>\n<input type=\"hidden\" name=\"_wpcf7_container_post\" value=\"0\" \/>\n<input type=\"hidden\" name=\"_wpcf7_posted_data_hash\" value=\"\" \/>\n<\/div>\n<p><label> Tu nombre<br \/>\n<span class=\"wpcf7-form-control-wrap\" data-name=\"your-name\"><input size=\"40\" maxlength=\"400\" class=\"wpcf7-form-control wpcf7-text wpcf7-validates-as-required\" aria-required=\"true\" aria-invalid=\"false\" value=\"\" type=\"text\" name=\"your-name\" \/><\/span> <\/label>\n<\/p>\n<p><label> Tu correo electr\u00f3nico<br \/>\n<span class=\"wpcf7-form-control-wrap\" data-name=\"your-email\"><input size=\"40\" maxlength=\"400\" class=\"wpcf7-form-control wpcf7-email wpcf7-validates-as-required wpcf7-text wpcf7-validates-as-email\" aria-required=\"true\" aria-invalid=\"false\" value=\"\" type=\"email\" name=\"your-email\" \/><\/span> <\/label>\n<\/p>\n<p><label> Asunto<br \/>\n<span class=\"wpcf7-form-control-wrap\" data-name=\"your-subject\"><input size=\"40\" maxlength=\"400\" class=\"wpcf7-form-control wpcf7-text wpcf7-validates-as-required\" aria-required=\"true\" aria-invalid=\"false\" value=\"\" type=\"text\" name=\"your-subject\" \/><\/span> <\/label>\n<\/p>\n<p><label> Tu mensaje (opcional)<br \/>\n<span class=\"wpcf7-form-control-wrap\" data-name=\"your-message\"><textarea cols=\"40\" rows=\"10\" maxlength=\"2000\" class=\"wpcf7-form-control wpcf7-textarea\" aria-invalid=\"false\" name=\"your-message\"><\/textarea><\/span> <\/label>\n<\/p>\n<p>Le informamos de que los datos que proporcione se tratar\u00e1n con medios inform\u00e1ticos de conformidad con los principios establecidos por la legislaci\u00f3n vigente sobre la protecci\u00f3n de datos (Reglamento UE n.\u00ba 679 de 2016) con el \u00fanico fin de proporcionarle la informaci\u00f3n solicitada y, en su caso, definir\/confirmar la reserva de habitaciones y otros servicios. Toda la informaci\u00f3n sobre los m\u00e9todos y finalidades de los tratamientos realizados est\u00e1 disponible en el siguiente enlace:\u00a0Pol\u00edtica de privacidad.\n<\/p>\n<p>Si le interesa recibir en el futuro, en la direcci\u00f3n que nos haya indicado, nuestro bolet\u00edn de noticias\/informaci\u00f3n peri\u00f3dica sobre nuestras tarifas y ofertas especiales, deber\u00e1 proporcionarnos el consentimiento correspondiente. Podr\u00e1 revocar dicho consentimiento en cualquier momento, tal y como se indica en la declaraci\u00f3n informativa facilitada.\n<\/p>\n<p><span class=\"wpcf7-form-control-wrap\" data-name=\"acceptance-682\"><span class=\"wpcf7-form-control wpcf7-acceptance\"><span class=\"wpcf7-list-item\"><label><input type=\"checkbox\" name=\"acceptance-682\" value=\"1\" aria-invalid=\"false\" \/><span class=\"wpcf7-list-item-label\">Tomo nota de la declaraci\u00f3n informativa sobre el tratamiento de los datos personales.<\/span><\/label><\/span><\/span><\/span><br \/>\n<span class=\"wpcf7-form-control-wrap\" data-name=\"checkbox-863\"><span class=\"wpcf7-form-control wpcf7-checkbox\"><span class=\"wpcf7-list-item first last\"><label><input type=\"checkbox\" name=\"checkbox-863[]\" value=\"Autorizo el env\u00edo del bolet\u00edn de noticias y de documentaci\u00f3n peri\u00f3dica sobre las tarifas y ofertas en vigor a la direcci\u00f3n que he indicado.\" \/><span class=\"wpcf7-list-item-label\">Autorizo el env\u00edo del bolet\u00edn de noticias y de documentaci\u00f3n peri\u00f3dica sobre las tarifas y ofertas en vigor a la direcci\u00f3n que he indicado.<\/span><\/label><\/span><\/span><\/span>\n<\/p>\n<p><input class=\"wpcf7-form-control wpcf7-submit has-spinner\" type=\"submit\" value=\"ENVIAR\" \/>\n<\/p><div class=\"wpcf7-response-output\" aria-hidden=\"true\"><\/div>\n<\/form>\n<\/div>\n[\/vc_column][vc_column width=\u00bb1\/6&#8243;][vc_empty_space height=\u00bb5px\u00bb][\/vc_column][\/vc_row]<\/p>\n<\/div>","protected":false},"excerpt":{"rendered":"<p>[vc_row full_width=\u00bbstretch_row_content\u00bb][vc_column][vc_raw_html]PGRpdiBjbGFzcz0iYXJyb3ctd3JhcHBlciI+PGRpdiBjbGFzcz0iYXJyb3ciPjwvZGl2PjwvZGl2Pg==[\/vc_raw_html][\/vc_column][\/vc_row][vc_row full_width=\u00bbstretch_row_content\u00bb][vc_column][vc_empty_space height=\u00bb100px\u00bb][vc_column_text] CONTACTO &nbsp;[\/vc_column_text][vc_empty_space height=\u00bb50px\u00bb][\/vc_column][\/vc_row][vc_row css=\u00bb.vc_custom_1605484631724{padding-top: 20px !important;padding-bottom: 40px !important;}\u00bb][vc_column][vc_column_text] Utiliza el siguiente formulario para contactar con nosotros o solicitar m\u00e1s informaci\u00f3n. &nbsp;[\/vc_column_text][\/vc_column][\/vc_row][vc_row css=\u00bb.vc_custom_1605484638015{padding-bottom: 110px !important;}\u00bb][vc_column width=\u00bb1\/6&#8243;][vc_empty_space height=\u00bb5px\u00bb][\/vc_column][vc_column width=\u00bb2\/3&#8243;][\/vc_column][vc_column width=\u00bb1\/6&#8243;][vc_empty_space height=\u00bb5px\u00bb][\/vc_column][\/vc_row]<\/p>\n","protected":false},"author":1,"featured_media":0,"parent":0,"menu_order":0,"comment_status":"closed","ping_status":"closed","template":"","meta":{"footnotes":""},"yoast_head":"<!-- This site is optimized with the Yoast SEO plugin v19.11 - https:\/\/yoast.com\/wordpress\/plugins\/seo\/ -->\n<title>CONTACTO - Al Gazzettino Hotel<\/title>\n<meta name=\"robots\" content=\"index, follow, max-snippet:-1, max-image-preview:large, max-video-preview:-1\" \/>\n<link rel=\"canonical\" href=\"https:\/\/www.algazzettino.com\/es\/contacto\/\" \/>\n<meta property=\"og:locale\" content=\"es_ES\" \/>\n<meta property=\"og:type\" content=\"article\" \/>\n<meta property=\"og:title\" content=\"CONTACTO - Al Gazzettino Hotel\" \/>\n<meta property=\"og:description\" content=\"[vc_row full_width=\u00bbstretch_row_content\u00bb][vc_column][vc_raw_html]PGRpdiBjbGFzcz0iYXJyb3ctd3JhcHBlciI+PGRpdiBjbGFzcz0iYXJyb3ciPjwvZGl2PjwvZGl2Pg==[\/vc_raw_html][\/vc_column][\/vc_row][vc_row full_width=\u00bbstretch_row_content\u00bb][vc_column][vc_empty_space height=\u00bb100px\u00bb][vc_column_text] CONTACTO &nbsp;[\/vc_column_text][vc_empty_space height=\u00bb50px\u00bb][\/vc_column][\/vc_row][vc_row css=\u00bb.vc_custom_1605484631724{padding-top: 20px !important;padding-bottom: 40px !important;}\u00bb][vc_column][vc_column_text] Utiliza el siguiente formulario para contactar con nosotros o solicitar m\u00e1s informaci\u00f3n. &nbsp;[\/vc_column_text][\/vc_column][\/vc_row][vc_row css=\u00bb.vc_custom_1605484638015{padding-bottom: 110px !important;}\u00bb][vc_column width=\u00bb1\/6&#8243;][vc_empty_space height=\u00bb5px\u00bb][\/vc_column][vc_column width=\u00bb2\/3&#8243;][\/vc_column][vc_column width=\u00bb1\/6&#8243;][vc_empty_space height=\u00bb5px\u00bb][\/vc_column][\/vc_row]\" \/>\n<meta property=\"og:url\" content=\"https:\/\/www.algazzettino.com\/es\/contacto\/\" \/>\n<meta property=\"og:site_name\" content=\"Al Gazzettino Hotel\" \/>\n<meta property=\"article:modified_time\" content=\"2022-06-20T10:41:55+00:00\" \/>\n<meta name=\"twitter:card\" content=\"summary_large_image\" \/>\n<meta name=\"twitter:label1\" content=\"Tiempo de lectura\" \/>\n\t<meta name=\"twitter:data1\" content=\"1 minuto\" \/>\n<script type=\"application\/ld+json\" class=\"yoast-schema-graph\">{\"@context\":\"https:\/\/schema.org\",\"@graph\":[{\"@type\":\"WebPage\",\"@id\":\"https:\/\/www.algazzettino.com\/es\/contacto\/\",\"url\":\"https:\/\/www.algazzettino.com\/es\/contacto\/\",\"name\":\"CONTACTO - Al Gazzettino Hotel\",\"isPartOf\":{\"@id\":\"https:\/\/www.algazzettino.com\/#website\"},\"datePublished\":\"2022-06-20T10:21:21+00:00\",\"dateModified\":\"2022-06-20T10:41:55+00:00\",\"breadcrumb\":{\"@id\":\"https:\/\/www.algazzettino.com\/es\/contacto\/#breadcrumb\"},\"inLanguage\":\"es\",\"potentialAction\":[{\"@type\":\"ReadAction\",\"target\":[\"https:\/\/www.algazzettino.com\/es\/contacto\/\"]}]},{\"@type\":\"BreadcrumbList\",\"@id\":\"https:\/\/www.algazzettino.com\/es\/contacto\/#breadcrumb\",\"itemListElement\":[{\"@type\":\"ListItem\",\"position\":1,\"name\":\"Home\",\"item\":\"https:\/\/www.algazzettino.com\/\"},{\"@type\":\"ListItem\",\"position\":2,\"name\":\"CONTACTO\"}]},{\"@type\":\"WebSite\",\"@id\":\"https:\/\/www.algazzettino.com\/#website\",\"url\":\"https:\/\/www.algazzettino.com\/\",\"name\":\"Al Gazzettino Hotel\",\"description\":\"Official Website\",\"publisher\":{\"@id\":\"https:\/\/www.algazzettino.com\/#organization\"},\"potentialAction\":[{\"@type\":\"SearchAction\",\"target\":{\"@type\":\"EntryPoint\",\"urlTemplate\":\"https:\/\/www.algazzettino.com\/?s={search_term_string}\"},\"query-input\":\"required name=search_term_string\"}],\"inLanguage\":\"es\"},{\"@type\":\"Organization\",\"@id\":\"https:\/\/www.algazzettino.com\/#organization\",\"name\":\"Hotel al Gazzettino\",\"url\":\"https:\/\/www.algazzettino.com\/\",\"logo\":{\"@type\":\"ImageObject\",\"inLanguage\":\"es\",\"@id\":\"https:\/\/www.algazzettino.com\/#\/schema\/logo\/image\/\",\"url\":\"https:\/\/www.algazzettino.com\/wp-content\/uploads\/2022\/05\/logo-color.png\",\"contentUrl\":\"https:\/\/www.algazzettino.com\/wp-content\/uploads\/2022\/05\/logo-color.png\",\"width\":300,\"height\":161,\"caption\":\"Hotel al Gazzettino\"},\"image\":{\"@id\":\"https:\/\/www.algazzettino.com\/#\/schema\/logo\/image\/\"}}]}<\/script>\n<!-- \/ Yoast SEO plugin. -->","yoast_head_json":{"title":"CONTACTO - Al Gazzettino Hotel","robots":{"index":"index","follow":"follow","max-snippet":"max-snippet:-1","max-image-preview":"max-image-preview:large","max-video-preview":"max-video-preview:-1"},"canonical":"https:\/\/www.algazzettino.com\/es\/contacto\/","og_locale":"es_ES","og_type":"article","og_title":"CONTACTO - Al Gazzettino Hotel","og_description":"[vc_row full_width=\u00bbstretch_row_content\u00bb][vc_column][vc_raw_html]PGRpdiBjbGFzcz0iYXJyb3ctd3JhcHBlciI+PGRpdiBjbGFzcz0iYXJyb3ciPjwvZGl2PjwvZGl2Pg==[\/vc_raw_html][\/vc_column][\/vc_row][vc_row full_width=\u00bbstretch_row_content\u00bb][vc_column][vc_empty_space height=\u00bb100px\u00bb][vc_column_text] CONTACTO &nbsp;[\/vc_column_text][vc_empty_space height=\u00bb50px\u00bb][\/vc_column][\/vc_row][vc_row css=\u00bb.vc_custom_1605484631724{padding-top: 20px !important;padding-bottom: 40px !important;}\u00bb][vc_column][vc_column_text] Utiliza el siguiente formulario para contactar con nosotros o solicitar m\u00e1s informaci\u00f3n. &nbsp;[\/vc_column_text][\/vc_column][\/vc_row][vc_row css=\u00bb.vc_custom_1605484638015{padding-bottom: 110px !important;}\u00bb][vc_column width=\u00bb1\/6&#8243;][vc_empty_space height=\u00bb5px\u00bb][\/vc_column][vc_column width=\u00bb2\/3&#8243;][\/vc_column][vc_column width=\u00bb1\/6&#8243;][vc_empty_space height=\u00bb5px\u00bb][\/vc_column][\/vc_row]","og_url":"https:\/\/www.algazzettino.com\/es\/contacto\/","og_site_name":"Al Gazzettino Hotel","article_modified_time":"2022-06-20T10:41:55+00:00","twitter_card":"summary_large_image","twitter_misc":{"Tiempo de lectura":"1 minuto"},"schema":{"@context":"https:\/\/schema.org","@graph":[{"@type":"WebPage","@id":"https:\/\/www.algazzettino.com\/es\/contacto\/","url":"https:\/\/www.algazzettino.com\/es\/contacto\/","name":"CONTACTO - Al Gazzettino Hotel","isPartOf":{"@id":"https:\/\/www.algazzettino.com\/#website"},"datePublished":"2022-06-20T10:21:21+00:00","dateModified":"2022-06-20T10:41:55+00:00","breadcrumb":{"@id":"https:\/\/www.algazzettino.com\/es\/contacto\/#breadcrumb"},"inLanguage":"es","potentialAction":[{"@type":"ReadAction","target":["https:\/\/www.algazzettino.com\/es\/contacto\/"]}]},{"@type":"BreadcrumbList","@id":"https:\/\/www.algazzettino.com\/es\/contacto\/#breadcrumb","itemListElement":[{"@type":"ListItem","position":1,"name":"Home","item":"https:\/\/www.algazzettino.com\/"},{"@type":"ListItem","position":2,"name":"CONTACTO"}]},{"@type":"WebSite","@id":"https:\/\/www.algazzettino.com\/#website","url":"https:\/\/www.algazzettino.com\/","name":"Al Gazzettino Hotel","description":"Official Website","publisher":{"@id":"https:\/\/www.algazzettino.com\/#organization"},"potentialAction":[{"@type":"SearchAction","target":{"@type":"EntryPoint","urlTemplate":"https:\/\/www.algazzettino.com\/?s={search_term_string}"},"query-input":"required name=search_term_string"}],"inLanguage":"es"},{"@type":"Organization","@id":"https:\/\/www.algazzettino.com\/#organization","name":"Hotel al Gazzettino","url":"https:\/\/www.algazzettino.com\/","logo":{"@type":"ImageObject","inLanguage":"es","@id":"https:\/\/www.algazzettino.com\/#\/schema\/logo\/image\/","url":"https:\/\/www.algazzettino.com\/wp-content\/uploads\/2022\/05\/logo-color.png","contentUrl":"https:\/\/www.algazzettino.com\/wp-content\/uploads\/2022\/05\/logo-color.png","width":300,"height":161,"caption":"Hotel al Gazzettino"},"image":{"@id":"https:\/\/www.algazzettino.com\/#\/schema\/logo\/image\/"}}]}},"_links":{"self":[{"href":"https:\/\/www.algazzettino.com\/es\/wp-json\/wp\/v2\/pages\/1401"}],"collection":[{"href":"https:\/\/www.algazzettino.com\/es\/wp-json\/wp\/v2\/pages"}],"about":[{"href":"https:\/\/www.algazzettino.com\/es\/wp-json\/wp\/v2\/types\/page"}],"author":[{"embeddable":true,"href":"https:\/\/www.algazzettino.com\/es\/wp-json\/wp\/v2\/users\/1"}],"replies":[{"embeddable":true,"href":"https:\/\/www.algazzettino.com\/es\/wp-json\/wp\/v2\/comments?post=1401"}],"version-history":[{"count":3,"href":"https:\/\/www.algazzettino.com\/es\/wp-json\/wp\/v2\/pages\/1401\/revisions"}],"predecessor-version":[{"id":1412,"href":"https:\/\/www.algazzettino.com\/es\/wp-json\/wp\/v2\/pages\/1401\/revisions\/1412"}],"wp:attachment":[{"href":"https:\/\/www.algazzettino.com\/es\/wp-json\/wp\/v2\/media?parent=1401"}],"curies":[{"name":"wp","href":"https:\/\/api.w.org\/{rel}","templated":true}]}}