{"id":1293,"date":"2022-06-20T11:33:43","date_gmt":"2022-06-20T09:33:43","guid":{"rendered":"https:\/\/www.algazzettino.com\/wordpress\/accueil\/"},"modified":"2022-06-20T21:22:41","modified_gmt":"2022-06-20T19:22:41","slug":"accueil","status":"publish","type":"page","link":"https:\/\/www.algazzettino.com\/fr\/","title":{"rendered":"Accueil"},"content":{"rendered":"<div class=\"wpb-content-wrapper\"><p>[vc_row full_width=\u00a0\u00bbstretch_row_content_no_spaces\u00a0\u00bb][vc_column]\n\t\t\t<!-- START Home REVOLUTION SLIDER 6.6.18 --><p class=\"rs-p-wp-fix\"><\/p>\n\t\t\t<rs-module-wrap id=\"rev_slider_1_1_wrapper\" data-source=\"gallery\" style=\"visibility:hidden;background:transparent;padding:0;\">\n\t\t\t\t<rs-module id=\"rev_slider_1_1\" style=\"\" data-version=\"6.6.18\">\n\t\t\t\t\t<rs-slides style=\"overflow: hidden; position: absolute;\">\n\t\t\t\t\t\t<rs-slide style=\"position: absolute;\" data-key=\"rs-4\" data-title=\"Slide\" data-thumb=\"\/\/www.algazzettino.com\/wordpress\/wp-content\/uploads\/2022\/05\/CAMERE-Classic_14.jpg\" data-anim=\"adpr:false;\" data-in=\"o:0;\" data-out=\"a:false;\">\n\t\t\t\t\t\t\t<img decoding=\"async\" src=\"\/\/www.algazzettino.com\/wp-content\/plugins\/revslider\/public\/assets\/assets\/dummy.png\" alt=\"\" title=\"CAMERE-Classic_14\" width=\"2560\" height=\"1707\" class=\"rev-slidebg tp-rs-img rs-lazyload\" data-lazyload=\"\/\/www.algazzettino.com\/wordpress\/wp-content\/uploads\/2022\/05\/CAMERE-Classic_14.jpg\" data-no-retina>\n<!---->\t\t\t\t\t\t<\/rs-slide>\n\t\t\t\t\t\t<rs-slide style=\"position: absolute;\" data-key=\"rs-1\" data-title=\"Slide\" data-thumb=\"\/\/www.algazzettino.com\/wordpress\/wp-content\/uploads\/2022\/05\/CAMERE-Deluxe_vc_balcone_11.jpg\" data-anim=\"adpr:false;\" data-in=\"o:0;\" data-out=\"a:false;\">\n\t\t\t\t\t\t\t<img decoding=\"async\" src=\"\/\/www.algazzettino.com\/wp-content\/plugins\/revslider\/public\/assets\/assets\/dummy.png\" alt=\"\" title=\"CAMERE-Deluxe_vc_balcone_11\" width=\"2560\" height=\"1707\" class=\"rev-slidebg tp-rs-img rs-lazyload\" data-lazyload=\"\/\/www.algazzettino.com\/wordpress\/wp-content\/uploads\/2022\/05\/CAMERE-Deluxe_vc_balcone_11.jpg\" data-no-retina>\n<!---->\t\t\t\t\t\t<\/rs-slide>\n\t\t\t\t\t\t<rs-slide style=\"position: absolute;\" data-key=\"rs-2\" data-title=\"Slide\" data-thumb=\"\/\/www.algazzettino.com\/wordpress\/wp-content\/uploads\/2022\/05\/VENEZIA-DNN_5629.jpg\" data-anim=\"adpr:false;\" data-in=\"o:0;\" data-out=\"a:false;\">\n\t\t\t\t\t\t\t<img decoding=\"async\" src=\"\/\/www.algazzettino.com\/wp-content\/plugins\/revslider\/public\/assets\/assets\/dummy.png\" alt=\"\" title=\"VENEZIA-DNN_5629\" width=\"2560\" height=\"1706\" class=\"rev-slidebg tp-rs-img rs-lazyload\" data-lazyload=\"\/\/www.algazzettino.com\/wordpress\/wp-content\/uploads\/2022\/05\/VENEZIA-DNN_5629.jpg\" data-no-retina>\n<!---->\t\t\t\t\t\t<\/rs-slide>\n\t\t\t\t\t\t<rs-slide style=\"position: absolute;\" data-key=\"rs-3\" data-title=\"Slide\" data-thumb=\"\/\/www.algazzettino.com\/wordpress\/wp-content\/uploads\/2022\/05\/EXTRA-_DNN5015-HDR.jpg\" data-anim=\"adpr:false;\" data-in=\"o:0;\" data-out=\"a:false;\">\n\t\t\t\t\t\t\t<img decoding=\"async\" src=\"\/\/www.algazzettino.com\/wp-content\/plugins\/revslider\/public\/assets\/assets\/dummy.png\" alt=\"\" title=\"EXTRA-_DNN5015-HDR\" width=\"2560\" height=\"1707\" class=\"rev-slidebg tp-rs-img rs-lazyload\" data-lazyload=\"\/\/www.algazzettino.com\/wordpress\/wp-content\/uploads\/2022\/05\/EXTRA-_DNN5015-HDR.jpg\" data-no-retina>\n<!---->\t\t\t\t\t\t<\/rs-slide>\n\t\t\t\t\t\t<rs-slide style=\"position: absolute;\" data-key=\"rs-13\" data-title=\"Slide\" data-thumb=\"\/\/www.algazzettino.com\/wordpress\/wp-content\/uploads\/2022\/05\/VENEZIA-DNN_5693.jpg\" data-anim=\"adpr:false;\" data-in=\"o:0;\" data-out=\"a:false;\">\n\t\t\t\t\t\t\t<img decoding=\"async\" src=\"\/\/www.algazzettino.com\/wp-content\/plugins\/revslider\/public\/assets\/assets\/dummy.png\" alt=\"\" title=\"VENEZIA-DNN_5693\" width=\"2560\" height=\"1707\" class=\"rev-slidebg tp-rs-img rs-lazyload\" data-lazyload=\"\/\/www.algazzettino.com\/wordpress\/wp-content\/uploads\/2022\/05\/VENEZIA-DNN_5693.jpg\" data-no-retina>\n<!---->\t\t\t\t\t\t<\/rs-slide>\n\t\t\t\t\t<\/rs-slides>\n\t\t\t\t<\/rs-module>\n\t\t\t\t<script>\n\t\t\t\t\tsetREVStartSize({c: 'rev_slider_1_1',rl:[1240,1024,778,480],el:[900],gw:[2560],gh:[900],type:'standard',justify:'',layout:'fullscreen',offsetContainer:'',offset:'',mh:\"0\"});if (window.RS_MODULES!==undefined && window.RS_MODULES.modules!==undefined && window.RS_MODULES.modules[\"revslider11\"]!==undefined) {window.RS_MODULES.modules[\"revslider11\"].once = false;window.revapi1 = undefined;if (window.RS_MODULES.checkMinimal!==undefined) window.RS_MODULES.checkMinimal()}\n\t\t\t\t<\/script>\n\t\t\t<\/rs-module-wrap>\n\t\t\t<!-- END REVOLUTION SLIDER -->\n[vc_raw_html]PGRpdiBjbGFzcz0iYXJyb3ctd3JhcHBlciI+PGRpdiBjbGFzcz0iYXJyb3ciPjwvZGl2PjwvZGl2Pg==[\/vc_raw_html][\/vc_column][\/vc_row][vc_row content_placement=\u00a0\u00bbmiddle\u00a0\u00bb css=\u00a0\u00bb.vc_custom_1617299287830{padding-top: 60px !important;padding-bottom: 80px !important;}\u00a0\u00bb][vc_column width=\u00a0\u00bb1\/2&Prime;][vc_column_text]<\/p>\n<h2><strong>Hotel Al Gazzettino<\/strong> &#8211; Venise<\/h2>\n<p>[\/vc_column_text][vc_empty_space][vc_column_text]Dans un ancien palais du XVIIe\u00a0si\u00e8cle se trouve l\u2019Hotel al Gazzettino, qui abritait autrefois un atelier de fabrication de tissus, puis une auberge qui accueillait les travailleurs turcs et les marchands qui g\u00e9raient les relations commerciales avec la \u00ab\u00a0S\u00e9r\u00e9nissime\u00a0\u00bb.<\/p>\n<p>Depuis plus de 50 ans, l\u2019Hotel Al Gazzettino, porte le nom du c\u00e9l\u00e8bre journal v\u00e9nitien qui, jusqu\u2019\u00e0 il y a quelques ann\u00e9es, avait son si\u00e8ge en face de l\u2019h\u00f4tel. Gr\u00e2ce \u00e0 plus d\u2019un si\u00e8cle d\u2019activit\u00e9, l\u2019Hotel Al Gazzettino\u00a0compte parmi les h\u00f4tels les plus c\u00e9l\u00e8bres de Venise, conservant l\u2019hospitalit\u00e9 et la cordialit\u00e9 transmises au fil des ans. En plus l\u2019Hotel Al Gazzettino jouit d\u2019une\u00a0position privil\u00e9gi\u00e9e\u00a0pour visiter Venise.[\/vc_column_text][vc_empty_space height=\u00a0\u00bb10px\u00a0\u00bb][\/vc_column][vc_column width=\u00a0\u00bb1\/2&Prime;][vc_single_image image=\u00a0\u00bb1097&Prime; img_size=\u00a0\u00bb600&#215;550&Prime; alignment=\u00a0\u00bbcenter\u00a0\u00bb onclick=\u00a0\u00bblink_image\u00a0\u00bb][\/vc_column][\/vc_row][vc_row full_width=\u00a0\u00bbstretch_row_content\u00a0\u00bb parallax=\u00a0\u00bbcontent-moving\u00a0\u00bb parallax_image=\u00a0\u00bb1253&Prime;][vc_column][vc_empty_space height=\u00a0\u00bb500px\u00a0\u00bb][\/vc_column][\/vc_row]<\/p>\n<\/div>","protected":false},"excerpt":{"rendered":"<p>[vc_row full_width=\u00a0\u00bbstretch_row_content_no_spaces\u00a0\u00bb][vc_column][vc_raw_html]PGRpdiBjbGFzcz0iYXJyb3ctd3JhcHBlciI+PGRpdiBjbGFzcz0iYXJyb3ciPjwvZGl2PjwvZGl2Pg==[\/vc_raw_html][\/vc_column][\/vc_row][vc_row content_placement=\u00a0\u00bbmiddle\u00a0\u00bb css=\u00a0\u00bb.vc_custom_1617299287830{padding-top: 60px !important;padding-bottom: 80px !important;}\u00a0\u00bb][vc_column width=\u00a0\u00bb1\/2&Prime;][vc_column_text] Hotel Al Gazzettino &#8211; Venise [\/vc_column_text][vc_empty_space][vc_column_text]Dans un ancien palais du XVIIe\u00a0si\u00e8cle se trouve l\u2019Hotel al Gazzettino, qui abritait autrefois un atelier de fabrication de tissus, puis une auberge qui accueillait les travailleurs turcs et les marchands qui g\u00e9raient les relations commerciales avec la \u00ab\u00a0S\u00e9r\u00e9nissime\u00a0\u00bb. Depuis plus&hellip;<\/p>\n","protected":false},"author":1,"featured_media":0,"parent":0,"menu_order":0,"comment_status":"closed","ping_status":"closed","template":"","meta":{"footnotes":""},"yoast_head":"<!-- This site is optimized with the Yoast SEO plugin v19.11 - https:\/\/yoast.com\/wordpress\/plugins\/seo\/ -->\n<title>Al Gazzettino Hotel - Venise - Official Website<\/title>\n<meta name=\"description\" content=\"Dans un ancien palais du XVIIe si\u00e8cle se trouve l\u2019Hotel al Gazzettino, qui abritait autrefois un atelier de fabrication de tissus, puis une auberge qui accueillait les travailleurs turcs et les marchands qui g\u00e9raient les relations commerciales avec la \u00ab S\u00e9r\u00e9nissime \u00bb. Depuis plus de 50 ans, l\u2019Hotel Al Gazzettino, porte le nom du c\u00e9l\u00e8bre journal v\u00e9nitien qui, jusqu\u2019\u00e0 il y a quelques ann\u00e9es, avait son si\u00e8ge en face de l\u2019h\u00f4tel. Gr\u00e2ce \u00e0 plus d\u2019un si\u00e8cle d\u2019activit\u00e9, l\u2019Hotel Al Gazzettino compte parmi les h\u00f4tels les plus c\u00e9l\u00e8bres de Venise, conservant l\u2019hospitalit\u00e9 et la cordialit\u00e9 transmises au fil des ans. En plus l\u2019Hotel Al Gazzettino jouit d\u2019une position privil\u00e9gi\u00e9e pour visiter Venise.\" \/>\n<meta name=\"robots\" content=\"index, follow, max-snippet:-1, max-image-preview:large, max-video-preview:-1\" \/>\n<link rel=\"canonical\" href=\"https:\/\/www.algazzettino.com\/\" \/>\n<meta property=\"og:locale\" content=\"fr_FR\" \/>\n<meta property=\"og:type\" content=\"article\" \/>\n<meta property=\"og:title\" content=\"Al Gazzettino Hotel - Venise - Official Website\" \/>\n<meta property=\"og:description\" content=\"Dans un ancien palais du XVIIe si\u00e8cle se trouve l\u2019Hotel al Gazzettino, qui abritait autrefois un atelier de fabrication de tissus, puis une auberge qui accueillait les travailleurs turcs et les marchands qui g\u00e9raient les relations commerciales avec la \u00ab S\u00e9r\u00e9nissime \u00bb. Depuis plus de 50 ans, l\u2019Hotel Al Gazzettino, porte le nom du c\u00e9l\u00e8bre journal v\u00e9nitien qui, jusqu\u2019\u00e0 il y a quelques ann\u00e9es, avait son si\u00e8ge en face de l\u2019h\u00f4tel. Gr\u00e2ce \u00e0 plus d\u2019un si\u00e8cle d\u2019activit\u00e9, l\u2019Hotel Al Gazzettino compte parmi les h\u00f4tels les plus c\u00e9l\u00e8bres de Venise, conservant l\u2019hospitalit\u00e9 et la cordialit\u00e9 transmises au fil des ans. En plus l\u2019Hotel Al Gazzettino jouit d\u2019une position privil\u00e9gi\u00e9e pour visiter Venise.\" \/>\n<meta property=\"og:url\" content=\"https:\/\/www.algazzettino.com\/\" \/>\n<meta property=\"og:site_name\" content=\"Al Gazzettino Hotel\" \/>\n<meta property=\"article:modified_time\" content=\"2022-06-20T19:22:41+00:00\" \/>\n<meta name=\"twitter:card\" content=\"summary_large_image\" \/>\n<meta name=\"twitter:label1\" content=\"Dur\u00e9e de lecture estim\u00e9e\" \/>\n\t<meta name=\"twitter:data1\" content=\"1 minute\" \/>\n<script type=\"application\/ld+json\" class=\"yoast-schema-graph\">{\"@context\":\"https:\/\/schema.org\",\"@graph\":[{\"@type\":\"WebPage\",\"@id\":\"https:\/\/www.algazzettino.com\/\",\"url\":\"https:\/\/www.algazzettino.com\/\",\"name\":\"Al Gazzettino Hotel - Venise - Official Website\",\"isPartOf\":{\"@id\":\"https:\/\/www.algazzettino.com\/#website\"},\"datePublished\":\"2022-06-20T09:33:43+00:00\",\"dateModified\":\"2022-06-20T19:22:41+00:00\",\"description\":\"Dans un ancien palais du XVIIe si\u00e8cle se trouve l\u2019Hotel al Gazzettino, qui abritait autrefois un atelier de fabrication de tissus, puis une auberge qui accueillait les travailleurs turcs et les marchands qui g\u00e9raient les relations commerciales avec la \u00ab S\u00e9r\u00e9nissime \u00bb. Depuis plus de 50 ans, l\u2019Hotel Al Gazzettino, porte le nom du c\u00e9l\u00e8bre journal v\u00e9nitien qui, jusqu\u2019\u00e0 il y a quelques ann\u00e9es, avait son si\u00e8ge en face de l\u2019h\u00f4tel. Gr\u00e2ce \u00e0 plus d\u2019un si\u00e8cle d\u2019activit\u00e9, l\u2019Hotel Al Gazzettino compte parmi les h\u00f4tels les plus c\u00e9l\u00e8bres de Venise, conservant l\u2019hospitalit\u00e9 et la cordialit\u00e9 transmises au fil des ans. En plus l\u2019Hotel Al Gazzettino jouit d\u2019une position privil\u00e9gi\u00e9e pour visiter Venise.\",\"breadcrumb\":{\"@id\":\"https:\/\/www.algazzettino.com\/#breadcrumb\"},\"inLanguage\":\"fr-FR\",\"potentialAction\":[{\"@type\":\"ReadAction\",\"target\":[\"https:\/\/www.algazzettino.com\/\"]}]},{\"@type\":\"BreadcrumbList\",\"@id\":\"https:\/\/www.algazzettino.com\/#breadcrumb\",\"itemListElement\":[{\"@type\":\"ListItem\",\"position\":1,\"name\":\"Home\",\"item\":\"https:\/\/www.algazzettino.com\/\"},{\"@type\":\"ListItem\",\"position\":2,\"name\":\"Accueil\"}]},{\"@type\":\"WebSite\",\"@id\":\"https:\/\/www.algazzettino.com\/#website\",\"url\":\"https:\/\/www.algazzettino.com\/\",\"name\":\"Al Gazzettino Hotel\",\"description\":\"Official Website\",\"publisher\":{\"@id\":\"https:\/\/www.algazzettino.com\/#organization\"},\"potentialAction\":[{\"@type\":\"SearchAction\",\"target\":{\"@type\":\"EntryPoint\",\"urlTemplate\":\"https:\/\/www.algazzettino.com\/?s={search_term_string}\"},\"query-input\":\"required name=search_term_string\"}],\"inLanguage\":\"fr-FR\"},{\"@type\":\"Organization\",\"@id\":\"https:\/\/www.algazzettino.com\/#organization\",\"name\":\"Hotel al Gazzettino\",\"url\":\"https:\/\/www.algazzettino.com\/\",\"logo\":{\"@type\":\"ImageObject\",\"inLanguage\":\"fr-FR\",\"@id\":\"https:\/\/www.algazzettino.com\/#\/schema\/logo\/image\/\",\"url\":\"https:\/\/www.algazzettino.com\/wp-content\/uploads\/2022\/05\/logo-color.png\",\"contentUrl\":\"https:\/\/www.algazzettino.com\/wp-content\/uploads\/2022\/05\/logo-color.png\",\"width\":300,\"height\":161,\"caption\":\"Hotel al Gazzettino\"},\"image\":{\"@id\":\"https:\/\/www.algazzettino.com\/#\/schema\/logo\/image\/\"}}]}<\/script>\n<!-- \/ Yoast SEO plugin. -->","yoast_head_json":{"title":"Al Gazzettino Hotel - Venise - Official Website","description":"Dans un ancien palais du XVIIe si\u00e8cle se trouve l\u2019Hotel al Gazzettino, qui abritait autrefois un atelier de fabrication de tissus, puis une auberge qui accueillait les travailleurs turcs et les marchands qui g\u00e9raient les relations commerciales avec la \u00ab S\u00e9r\u00e9nissime \u00bb. Depuis plus de 50 ans, l\u2019Hotel Al Gazzettino, porte le nom du c\u00e9l\u00e8bre journal v\u00e9nitien qui, jusqu\u2019\u00e0 il y a quelques ann\u00e9es, avait son si\u00e8ge en face de l\u2019h\u00f4tel. Gr\u00e2ce \u00e0 plus d\u2019un si\u00e8cle d\u2019activit\u00e9, l\u2019Hotel Al Gazzettino compte parmi les h\u00f4tels les plus c\u00e9l\u00e8bres de Venise, conservant l\u2019hospitalit\u00e9 et la cordialit\u00e9 transmises au fil des ans. En plus l\u2019Hotel Al Gazzettino jouit d\u2019une position privil\u00e9gi\u00e9e pour visiter Venise.","robots":{"index":"index","follow":"follow","max-snippet":"max-snippet:-1","max-image-preview":"max-image-preview:large","max-video-preview":"max-video-preview:-1"},"canonical":"https:\/\/www.algazzettino.com\/","og_locale":"fr_FR","og_type":"article","og_title":"Al Gazzettino Hotel - Venise - Official Website","og_description":"Dans un ancien palais du XVIIe si\u00e8cle se trouve l\u2019Hotel al Gazzettino, qui abritait autrefois un atelier de fabrication de tissus, puis une auberge qui accueillait les travailleurs turcs et les marchands qui g\u00e9raient les relations commerciales avec la \u00ab S\u00e9r\u00e9nissime \u00bb. Depuis plus de 50 ans, l\u2019Hotel Al Gazzettino, porte le nom du c\u00e9l\u00e8bre journal v\u00e9nitien qui, jusqu\u2019\u00e0 il y a quelques ann\u00e9es, avait son si\u00e8ge en face de l\u2019h\u00f4tel. Gr\u00e2ce \u00e0 plus d\u2019un si\u00e8cle d\u2019activit\u00e9, l\u2019Hotel Al Gazzettino compte parmi les h\u00f4tels les plus c\u00e9l\u00e8bres de Venise, conservant l\u2019hospitalit\u00e9 et la cordialit\u00e9 transmises au fil des ans. En plus l\u2019Hotel Al Gazzettino jouit d\u2019une position privil\u00e9gi\u00e9e pour visiter Venise.","og_url":"https:\/\/www.algazzettino.com\/","og_site_name":"Al Gazzettino Hotel","article_modified_time":"2022-06-20T19:22:41+00:00","twitter_card":"summary_large_image","twitter_misc":{"Dur\u00e9e de lecture estim\u00e9e":"1 minute"},"schema":{"@context":"https:\/\/schema.org","@graph":[{"@type":"WebPage","@id":"https:\/\/www.algazzettino.com\/","url":"https:\/\/www.algazzettino.com\/","name":"Al Gazzettino Hotel - Venise - Official Website","isPartOf":{"@id":"https:\/\/www.algazzettino.com\/#website"},"datePublished":"2022-06-20T09:33:43+00:00","dateModified":"2022-06-20T19:22:41+00:00","description":"Dans un ancien palais du XVIIe si\u00e8cle se trouve l\u2019Hotel al Gazzettino, qui abritait autrefois un atelier de fabrication de tissus, puis une auberge qui accueillait les travailleurs turcs et les marchands qui g\u00e9raient les relations commerciales avec la \u00ab S\u00e9r\u00e9nissime \u00bb. Depuis plus de 50 ans, l\u2019Hotel Al Gazzettino, porte le nom du c\u00e9l\u00e8bre journal v\u00e9nitien qui, jusqu\u2019\u00e0 il y a quelques ann\u00e9es, avait son si\u00e8ge en face de l\u2019h\u00f4tel. Gr\u00e2ce \u00e0 plus d\u2019un si\u00e8cle d\u2019activit\u00e9, l\u2019Hotel Al Gazzettino compte parmi les h\u00f4tels les plus c\u00e9l\u00e8bres de Venise, conservant l\u2019hospitalit\u00e9 et la cordialit\u00e9 transmises au fil des ans. En plus l\u2019Hotel Al Gazzettino jouit d\u2019une position privil\u00e9gi\u00e9e pour visiter Venise.","breadcrumb":{"@id":"https:\/\/www.algazzettino.com\/#breadcrumb"},"inLanguage":"fr-FR","potentialAction":[{"@type":"ReadAction","target":["https:\/\/www.algazzettino.com\/"]}]},{"@type":"BreadcrumbList","@id":"https:\/\/www.algazzettino.com\/#breadcrumb","itemListElement":[{"@type":"ListItem","position":1,"name":"Home","item":"https:\/\/www.algazzettino.com\/"},{"@type":"ListItem","position":2,"name":"Accueil"}]},{"@type":"WebSite","@id":"https:\/\/www.algazzettino.com\/#website","url":"https:\/\/www.algazzettino.com\/","name":"Al Gazzettino Hotel","description":"Official Website","publisher":{"@id":"https:\/\/www.algazzettino.com\/#organization"},"potentialAction":[{"@type":"SearchAction","target":{"@type":"EntryPoint","urlTemplate":"https:\/\/www.algazzettino.com\/?s={search_term_string}"},"query-input":"required name=search_term_string"}],"inLanguage":"fr-FR"},{"@type":"Organization","@id":"https:\/\/www.algazzettino.com\/#organization","name":"Hotel al Gazzettino","url":"https:\/\/www.algazzettino.com\/","logo":{"@type":"ImageObject","inLanguage":"fr-FR","@id":"https:\/\/www.algazzettino.com\/#\/schema\/logo\/image\/","url":"https:\/\/www.algazzettino.com\/wp-content\/uploads\/2022\/05\/logo-color.png","contentUrl":"https:\/\/www.algazzettino.com\/wp-content\/uploads\/2022\/05\/logo-color.png","width":300,"height":161,"caption":"Hotel al Gazzettino"},"image":{"@id":"https:\/\/www.algazzettino.com\/#\/schema\/logo\/image\/"}}]}},"_links":{"self":[{"href":"https:\/\/www.algazzettino.com\/fr\/wp-json\/wp\/v2\/pages\/1293"}],"collection":[{"href":"https:\/\/www.algazzettino.com\/fr\/wp-json\/wp\/v2\/pages"}],"about":[{"href":"https:\/\/www.algazzettino.com\/fr\/wp-json\/wp\/v2\/types\/page"}],"author":[{"embeddable":true,"href":"https:\/\/www.algazzettino.com\/fr\/wp-json\/wp\/v2\/users\/1"}],"replies":[{"embeddable":true,"href":"https:\/\/www.algazzettino.com\/fr\/wp-json\/wp\/v2\/comments?post=1293"}],"version-history":[{"count":4,"href":"https:\/\/www.algazzettino.com\/fr\/wp-json\/wp\/v2\/pages\/1293\/revisions"}],"predecessor-version":[{"id":1436,"href":"https:\/\/www.algazzettino.com\/fr\/wp-json\/wp\/v2\/pages\/1293\/revisions\/1436"}],"wp:attachment":[{"href":"https:\/\/www.algazzettino.com\/fr\/wp-json\/wp\/v2\/media?parent=1293"}],"curies":[{"name":"wp","href":"https:\/\/api.w.org\/{rel}","templated":true}]}}